{"id":79,"date":"2021-08-24T17:50:37","date_gmt":"2021-08-24T16:50:37","guid":{"rendered":"https:\/\/f574sjss.web29.alfahosting-server.de\/?page_id=79"},"modified":"2022-01-06T11:11:49","modified_gmt":"2022-01-06T10:11:49","slug":"gruppen-verhalten-fuer-dein-wohlbefinden-im-kontruktiven-gruppengespraech","status":"publish","type":"page","link":"https:\/\/freieselbsthilfelauf.de\/?page_id=79","title":{"rendered":"Gruppen-Verhalten f\u00fcr dein Wohlbefinden im konstruktiven Gruppengespr\u00e4ch"},"content":{"rendered":"\n<ol class=\"wp-block-list\"><li><strong>Trage die Verantwortung f\u00fcr dich selbst.<\/strong><br>&#8211; Suche aufzunehmen, was Du aus dem Gruppengespr\u00e4ch f\u00fcr dich mitnehmen willst.<br>&#8211; Suche zu \u00e4u\u00dfern, was du den anderen von Dir und deinen Erfahrungen mitgeben m\u00f6chtest<br>&#8211; Richte den Blick auf das Thema nach deinem Bed\u00fcrfnissen.<br><em><strong>Denn so hilfst du Dir selbst und die Gruppe kann Dich unterst\u00fctzen.<\/strong><\/em><\/li><li><strong>Bestimme f\u00fcr Dich selbst.<\/strong><br>-Entscheide, wann du sprechen m\u00f6chtest.<br>&#8211; Entscheide, wann du schweigen willst.<br>&#8211; Sag nur das, was Du wirklich sagen willst und nicht das, was vermutlich die anderen h\u00f6ren m\u00f6chten.<br>-Respektiere das auch bei jedem anderen. <br><strong><em>Denn das f\u00f6rdert dein Selbstwertgef\u00fchl<\/em><\/strong><\/li><li>Profitiere durch Gespr\u00e4chsdisziplin f\u00fcr Dich selbst<br>&#8211; H\u00f6re aufmerksam zu und lasse ausreden, wenn noch ein(e) andere(r) das Wort hat. Damit keine wichtigen Aussagen verpasst werden. <br>&#8211; Konzentriere Dich auf das  Gesagte. Vergleiche es mit Deinen eigenen Empfindungen.<br>&#8211; Gehe anschlie\u00dfend darauf ein, wenn es Dich \u201eber\u00fchrt\u201c oder daraus Fragen entstehen.<br>&#8211; Bilde Dir deine eigene Meinung unvoreingenommen.<br>&#8211; Willst du Antworten geben so antworte \u00fcberlegt und sensibel.<br><strong><em>Denn so erf\u00e4hrst Du am meisten &#8211; vor allem \u00fcber Dich selbst.<\/em><\/strong><\/li><li>\u00c4u\u00dfere sofort dein Selbstbefinden, wenn es gest\u00f6rt ist<br>&#8211; Teile mit wenn es Dir nicht gutgeht, wenn Du dem Gruppengeschehen nicht folgen kannst oder angespannt, \u00e4rgerlich, zerstreut, ersch\u00f6pft bist.<br>&#8211; Spreche direkt offen und ehrlich an , was Dich st\u00f6rt oder ablenkt.<br><strong><em>Denn Du sollst Dich in der Gruppe jederzeit wohlf\u00fchlen.<\/em><\/strong><\/li><li>Spreche in der \u201eIch\u201c-Form von Dir selbst.<br>&#8211; Sage nicht \u201eman\u201c oder \u201ewir\u201c wenn Du etwas pers\u00f6nliches \u00fcber Dich sagen m\u00f6chtest.<br>&#8211; Vermeide bei Aussagen zu Deinem eigenen Anliegen unpers\u00f6nliche Verallgemeinerungen oder einen Bezug auf andere Menschen<br><strong><em>Denn es geht um Dich. Konkret um Deine pers\u00f6nlichen Empfindungen, Deine legitimen Bed\u00fcrfnisse. Nicht um Gemeinpl\u00e4tze.<\/em><\/strong><\/li><li>Erg\u00e4nze bei dem was Du sagst, warum es Dich betrifft.<br>&#8211; Erkl\u00e4re, wenn Du eine Frage stellst, weshalb sie Dich besch\u00e4ftigt.<br>&#8211; Sage dazu, was daran f\u00fcr Dich pers\u00f6nlich wichtig ist.<br>&#8211; Stelle heraus, welchen eigenen Nutzen Du von der Antwort erhoffst.<br><strong><em>Denn das sch\u00fctzt Dich davor, Dein Anliegen aus den Augen zu verlieren.<\/em><\/strong><\/li><li>Achte auf K\u00f6rpersignale<br>&#8211; Gestehe Dir ein, wenn Deine K\u00f6rperhaltung nicht mit Deinem Verhalten, oder Au\u00dferungen im Einklang ist. <br>&#8211; Versuche \u201eecht\u201c zu sein. \u201eVerstell\u201c Dich nicht.<br>&#8211; Beachte auch die K\u00f6rpersignale der Gruppenteilnehmer\/innen.<br><strong>Denn die \u201eK\u00f6rpersprache\u201c signalisiert Empfindungen ehrlich.<\/strong><\/li><\/ol>\n\n\n\n<p>\u201eGruppen-Feeling\u201c<br>Als gewinnbringende Umgangsform f\u00fcr ein wertsch\u00e4tzendes F\u00fcr- und Miteinander in der Gruppe haben sich diese \u201efreien Gebote\u201c in vielj\u00e4hriger Erfahrung bestens bew\u00e4hrt. Zwanglos und selbstverst\u00e4ndlich praktiziert, erzeugen sie das wohltuend unterst\u00fctzende \u201eGruppen-Feeling\u201c<br>&#8211; So bietet die Gruppe stets ein Klima des Vertrauens, in dem sich Menschen angenommen f\u00fchlen.<br>-Der einzelne kann sich jederzeit trauen, offen \u00fcber seine Probleme zu sprechen. <br>Das hilft uns in gleicher Weise auerhalb der Gruppe in allt\u00e4glichen Umgang mit den Mitmenschen &#8211; besonders am Arbeitsplatz, in der Familie, in der Partnerschaft.<\/p>\n\n\n\n<p><\/p>\n","protected":false},"excerpt":{"rendered":"<p>Trage die Verantwortung f\u00fcr dich selbst.&#8211; Suche aufzunehmen, was Du aus dem Gruppengespr\u00e4ch f\u00fcr dich mitnehmen willst.&#8211; Suche zu \u00e4u\u00dfern, was du den anderen von Dir und deinen Erfahrungen mitgeben m\u00f6chtest&#8211; Richte den Blick auf das Thema nach deinem Bed\u00fcrfnissen.Denn so hilfst du Dir selbst und die Gruppe kann Dich unterst\u00fctzen. Bestimme f\u00fcr Dich selbst.-Entscheide, &hellip; <a href=\"https:\/\/freieselbsthilfelauf.de\/?page_id=79\" class=\"more-link\"><span class=\"screen-reader-text\">Gruppen-Verhalten f\u00fcr dein Wohlbefinden im konstruktiven Gruppengespr\u00e4ch<\/span> weiterlesen<\/a><\/p>\n","protected":false},"author":1,"featured_media":0,"parent":0,"menu_order":0,"comment_status":"closed","ping_status":"closed","template":"","meta":{"footnotes":""},"class_list":["post-79","page","type-page","status-publish","hentry"],"_links":{"self":[{"href":"https:\/\/freieselbsthilfelauf.de\/index.php?rest_route=\/wp\/v2\/pages\/79","targetHints":{"allow":["GET"]}}],"collection":[{"href":"https:\/\/freieselbsthilfelauf.de\/index.php?rest_route=\/wp\/v2\/pages"}],"about":[{"href":"https:\/\/freieselbsthilfelauf.de\/index.php?rest_route=\/wp\/v2\/types\/page"}],"author":[{"embeddable":true,"href":"https:\/\/freieselbsthilfelauf.de\/index.php?rest_route=\/wp\/v2\/users\/1"}],"replies":[{"embeddable":true,"href":"https:\/\/freieselbsthilfelauf.de\/index.php?rest_route=%2Fwp%2Fv2%2Fcomments&post=79"}],"version-history":[{"count":6,"href":"https:\/\/freieselbsthilfelauf.de\/index.php?rest_route=\/wp\/v2\/pages\/79\/revisions"}],"predecessor-version":[{"id":207,"href":"https:\/\/freieselbsthilfelauf.de\/index.php?rest_route=\/wp\/v2\/pages\/79\/revisions\/207"}],"wp:attachment":[{"href":"https:\/\/freieselbsthilfelauf.de\/index.php?rest_route=%2Fwp%2Fv2%2Fmedia&parent=79"}],"curies":[{"name":"wp","href":"https:\/\/api.w.org\/{rel}","templated":true}]}}