{"id":51,"date":"2021-08-24T17:51:45","date_gmt":"2021-08-24T16:51:45","guid":{"rendered":"https:\/\/f574sjss.web29.alfahosting-server.de\/?page_id=51"},"modified":"2022-02-17T22:40:15","modified_gmt":"2022-02-17T21:40:15","slug":"impressum-und-datenschutzerklaerung","status":"publish","type":"page","link":"https:\/\/freieselbsthilfelauf.de\/?page_id=51","title":{"rendered":"Impressum und Datenschutzerkl\u00e4rung"},"content":{"rendered":"\n<p><br>Angaben gem\u00e4\u00df \u00a7 5 TMG<br><\/p>\n\n\n\n<p>Ansprechpartner Webseitenbetreuung:<br>Marco Dehling<br>Obere Gartenstrasse 19A<br>92237 Sulzbach-Rosenberg<\/p>\n\n\n\n<p>Wer wir sind:<br>Wir sind eine freie Selbsthilfegruppe.<br>Die Adresse unserer Website ist: https:\/\/freie-selbsthilfegruppe-lauf.de<\/p>\n\n\n\n<h2 class=\"wp-block-heading\" id=\"kommentare\">Kommentare<\/h2>\n\n\n\n<p>Wenn Besucher Kommentare auf der Website schreiben, sammeln wir die Daten, die im Kommentar-Formular angezeigt werden, au\u00dferdem die IP-Adresse des Besuchers und den User-Agent-String (damit wird der Browser identifiziert), um die Erkennung von Spam zu unterst\u00fctzen.<\/p>\n\n\n\n<p>Aus deiner E-Mail-Adresse kann eine anonymisierte Zeichenfolge erstellt (auch Hash genannt) und dem Gravatar-Dienst \u00fcbergeben werden, um zu pr\u00fcfen, ob du diesen benutzt. Die Datenschutzerkl\u00e4rung des Gravatar-Dienstes findest du hier: https:\/\/automattic.com\/privacy\/. Nachdem dein Kommentar freigegeben wurde, ist dein Profilbild \u00f6ffentlich im Kontext deines Kommentars sichtbar.<\/p>\n\n\n\n<h2 class=\"wp-block-heading\" id=\"medien\">Medien<\/h2>\n\n\n\n<p>Wenn du ein registrierter Benutzer bist und Fotos auf diese Website l\u00e4dst, solltest du vermeiden, Fotos mit einem EXIF-GPS-Standort hochzuladen. Besucher dieser Website k\u00f6nnten Fotos, die auf dieser Website gespeichert sind, herunterladen und deren Standort-Informationen extrahieren.<\/p>\n\n\n\n<h2 class=\"wp-block-heading\" id=\"cookies\">Cookies<\/h2>\n\n\n\n<p>Wenn du einen Kommentar auf unserer Website schreibst, kann das eine Einwilligung sein, deinen Namen, E-Mail-Adresse und Website in Cookies zu speichern. Dies ist eine Komfortfunktion, damit du nicht, wenn du einen weiteren Kommentar schreibst, all diese Daten erneut eingeben musst. Diese Cookies werden ein Jahr lang gespeichert.<\/p>\n\n\n\n<p>Falls du ein Konto hast und dich auf dieser Website anmeldest, werden wir ein tempor\u00e4res Cookie setzen, um festzustellen, ob dein Browser Cookies akzeptiert. Dieses Cookie enth\u00e4lt keine personenbezogenen Daten und wird verworfen, wenn du deinen Browser schlie\u00dft.<\/p>\n\n\n\n<p>Wenn du dich anmeldest, werden wir einige Cookies einrichten, um deine Anmeldeinformationen und Anzeigeoptionen zu speichern. Anmelde-Cookies verfallen nach zwei Tagen und Cookies f\u00fcr die Anzeigeoptionen nach einem Jahr. Falls du bei der Anmeldung \u201eAngemeldet bleiben\u201c ausw\u00e4hlst, wird deine Anmeldung zwei Wochen lang aufrechterhalten. Mit der Abmeldung aus deinem Konto werden die Anmelde-Cookies gel\u00f6scht.<\/p>\n\n\n\n<p>Wenn du einen Artikel bearbeitest oder ver\u00f6ffentlichst, wird ein zus\u00e4tzlicher Cookie in deinem Browser gespeichert. Dieser Cookie enth\u00e4lt keine personenbezogenen Daten und verweist nur auf die Beitrags-ID des Artikels, den du gerade bearbeitet hast. Der Cookie verf\u00e4llt nach einem Tag.<\/p>\n\n\n\n<h2 class=\"wp-block-heading\" id=\"eingebettete-inhalte-von-anderen-websites-sowie-links\">Eingebettete Inhalte von anderen Websites sowie Links<\/h2>\n\n\n\n<p>Beitr\u00e4ge auf dieser Website k\u00f6nnen eingebettete Inhalte beinhalten (z.&nbsp;B. Videos, Bilder, Beitr\u00e4ge etc.). Eingebettete Inhalte von anderen Websites verhalten sich exakt so, als ob der Besucher die andere Website besucht h\u00e4tte.<\/p>\n\n\n\n<p>Diese Websites k\u00f6nnen Daten \u00fcber dich sammeln, Cookies benutzen, zus\u00e4tzliche Tracking-Dienste von Dritten einbetten und deine Interaktion mit diesem eingebetteten Inhalt aufzeichnen, inklusive deiner Interaktion mit dem eingebetteten Inhalt, falls du ein Konto hast und auf dieser Website angemeldet bist.<\/p>\n\n\n\n<p>Soweit in dieser Internetpr\u00e4senz ein Zugang zu fremden Inhalten, z. B. in Form von Links, vermittelt wird, die von anderen Anbietern bereit gestellt werden, wird darauf hingewiesen, dass das wir auf diese fremden Inhalte keinen Einfluss haben und sich diese Inhalte auch nicht zu eigen macht. Wir sind rechtlich nicht zur \u00dcberpr\u00fcfung der \u00fcbermittelten oder gespeicherten fremden Informationen verpflichtet. Die Inhalte von verlinkten Webseiten zu \u00fcberwachen oder nach Umst\u00e4nden zu forschen, die auf rechtswidrige T\u00e4tigkeiten hinweisen ist ebenfalls nicht unsere Aufgabe. Wir haben bewu\u00dft auf Seri\u00f6se Webseiten verlinkt. Sollten dennoch auf den verkn\u00fcpften Seiten anderer Anbieter rechtswidrige oder anst\u00f6\u00dfige Inhalte enthalten sein, so distanzieren wir uns ausdr\u00fccklich von diesen Inhalten und werden die betreffenden Links bei Kenntnisnahme rechtswidrigen Inhalte sofort entfernen.<\/p>\n\n\n\n<h2 class=\"wp-block-heading\" id=\"mit-wem-wir-deine-daten-teilen\">Mit wem wir deine Daten teilen<\/h2>\n\n\n\n<p>Wenn du eine Zur\u00fccksetzung des Passworts beantragst, wird deine IP-Adresse in der E-Mail zur Zur\u00fccksetzung enthalten sein.<\/p>\n\n\n\n<h2 class=\"wp-block-heading\" id=\"wie-lange-wir-deine-daten-speichern\">Wie lange wir deine Daten speichern<\/h2>\n\n\n\n<p>Wenn du einen Kommentar schreibst, wird dieser inklusive Metadaten zeitlich unbegrenzt gespeichert. Auf diese Art k\u00f6nnen wir Folgekommentare automatisch erkennen und freigeben, anstatt sie in einer Moderations-Warteschlange festzuhalten.<\/p>\n\n\n\n<p>F\u00fcr Benutzer, die sich auf unserer Website registrieren, speichern wir zus\u00e4tzlich die pers\u00f6nlichen Informationen, die sie in ihren Benutzerprofilen angeben. Alle Benutzer k\u00f6nnen jederzeit ihre pers\u00f6nlichen Informationen einsehen, ver\u00e4ndern oder l\u00f6schen (der Benutzername kann nicht ver\u00e4ndert werden). Administratoren der Website k\u00f6nnen diese Informationen ebenfalls einsehen und ver\u00e4ndern.<\/p>\n\n\n\n<h2 class=\"wp-block-heading\" id=\"welche-rechte-du-an-deinen-daten-hast\">Welche Rechte du an deinen Daten hast<\/h2>\n\n\n\n<p>Wenn du ein Konto auf dieser Website besitzt oder Kommentare geschrieben hast, kannst du einen Export deiner personenbezogenen Daten bei uns anfordern, inklusive aller Daten, die du uns mitgeteilt hast. Wenn du die Gruppe verl\u00e4\u00dft l\u00f6schen wir dein Konto und deine Daten. Dar\u00fcber hinaus kannst du die L\u00f6schung aller personenbezogenen Daten, die wir von dir gespeichert haben, anfordern. Dies umfasst nicht die Daten, die wir aufgrund administrativer, rechtlicher oder sicherheitsrelevanter Notwendigkeiten aufbewahren m\u00fcssen.<\/p>\n\n\n\n<h2 class=\"wp-block-heading\" id=\"wohin-wir-deine-daten-senden\">Wohin wir deine Daten senden<\/h2>\n\n\n\n<p>Besucher-Kommentare k\u00f6nnten von einem automatisierten Dienst zur Spam-Erkennung untersucht werden.<\/p>\n\n\n\n<h2 class=\"wp-block-heading\" id=\"plugins-und-tools\">Plugins und Tools<\/h2>\n\n\n\n<p><strong>OpenStreetMap<\/strong><br>Wir nutzen den Kartendienst von OpenStreetMap (OSM). Anbieterin ist die Open-Street-Map Foundation<br>(OSMF), 132 Maney Hill Road, Sutton Coldfield, West Midlands, B72 1JU, United Kingdom.<br>Wenn Sie eine Website besuchen, auf der OpenStreetMap eingebunden ist, werden u. a. Ihre IP-Adresse und<br>weitere Informationen \u00fcber Ihr Verhalten auf dieser Website an die OSMF weitergeleitet. OpenStreetMap<br>speichert hierzu unter Umst\u00e4nden Cookies in Ihrem Browser oder setzt vergleichbare<br>Wiedererkennungstechnologien ein.<br>Ferner kann Ihr Standort erfasst werden, wenn Sie dies in Ihren Ger\u00e4teeinstellungen \u2013 z. B. auf Ihrem Handy<br>\u2013 zugelassen haben. Der Anbieter dieser Seite hat keinen Einfluss auf diese Daten\u00fcbertragung. Details<br>entnehmen Sie der Datenschutzerkl\u00e4rung von OpenStreetMap unter folgendem Link:<br>9 \/ 11<a href=\"https:\/\/automattic.com\/de\/privacy\/\"><\/a><a href=\"https:\/\/veronalabs.com\/\"><\/a> https:\/\/wiki.osmfoundation.org\/wiki\/Privacy_Policy.<br>Die Nutzung von OpenStreetMap erfolgt im Interesse einer ansprechenden Darstellung unserer Online-<br>Angebote und einer leichten Auffindbarkeit der von uns auf der Website angegebenen Orte. Dies stellt ein<br>berechtigtes Interesse im Sinne von Art. 6 Abs. 1 lit. f DSGVO dar. Sofern eine entsprechende Einwilligung<br>abgefragt wurde (z. B. eine Einwilligung zur Speicherung von Cookies), erfolgt die Verarbeitung<br>ausschlie\u00dflich auf Grundlage von Art. 6 Abs. 1 lit. a DSGVO; die Einwilligung ist jederzeit widerrufbar.<br>Quelle dieses Absatzes:<br>https:\/\/www.e-recht24.de<br>10 \/ 11<\/p>\n","protected":false},"excerpt":{"rendered":"<p>Angaben gem\u00e4\u00df \u00a7 5 TMG Ansprechpartner Webseitenbetreuung:Marco DehlingObere Gartenstrasse 19A92237 Sulzbach-Rosenberg Wer wir sind:Wir sind eine freie Selbsthilfegruppe.Die Adresse unserer Website ist: https:\/\/freie-selbsthilfegruppe-lauf.de Kommentare Wenn Besucher Kommentare auf der Website schreiben, sammeln wir die Daten, die im Kommentar-Formular angezeigt werden, au\u00dferdem die IP-Adresse des Besuchers und den User-Agent-String (damit wird der Browser identifiziert), um die &hellip; <a href=\"https:\/\/freieselbsthilfelauf.de\/?page_id=51\" class=\"more-link\"><span class=\"screen-reader-text\">Impressum und Datenschutzerkl\u00e4rung<\/span> weiterlesen<\/a><\/p>\n","protected":false},"author":1,"featured_media":0,"parent":0,"menu_order":0,"comment_status":"closed","ping_status":"closed","template":"","meta":{"footnotes":""},"class_list":["post-51","page","type-page","status-publish","hentry"],"_links":{"self":[{"href":"https:\/\/freieselbsthilfelauf.de\/index.php?rest_route=\/wp\/v2\/pages\/51","targetHints":{"allow":["GET"]}}],"collection":[{"href":"https:\/\/freieselbsthilfelauf.de\/index.php?rest_route=\/wp\/v2\/pages"}],"about":[{"href":"https:\/\/freieselbsthilfelauf.de\/index.php?rest_route=\/wp\/v2\/types\/page"}],"author":[{"embeddable":true,"href":"https:\/\/freieselbsthilfelauf.de\/index.php?rest_route=\/wp\/v2\/users\/1"}],"replies":[{"embeddable":true,"href":"https:\/\/freieselbsthilfelauf.de\/index.php?rest_route=%2Fwp%2Fv2%2Fcomments&post=51"}],"version-history":[{"count":5,"href":"https:\/\/freieselbsthilfelauf.de\/index.php?rest_route=\/wp\/v2\/pages\/51\/revisions"}],"predecessor-version":[{"id":221,"href":"https:\/\/freieselbsthilfelauf.de\/index.php?rest_route=\/wp\/v2\/pages\/51\/revisions\/221"}],"wp:attachment":[{"href":"https:\/\/freieselbsthilfelauf.de\/index.php?rest_route=%2Fwp%2Fv2%2Fmedia&parent=51"}],"curies":[{"name":"wp","href":"https:\/\/api.w.org\/{rel}","templated":true}]}}