{"id":10,"date":"2021-07-14T22:03:36","date_gmt":"2021-07-14T21:03:36","guid":{"rendered":"https:\/\/f574sjss.web29.alfahosting-server.de\/?page_id=10"},"modified":"2025-01-25T19:07:38","modified_gmt":"2025-01-25T18:07:38","slug":"freie-selbsthilfegruppe-lauf-geschuetzer-bereich","status":"publish","type":"page","link":"https:\/\/freieselbsthilfelauf.de\/","title":{"rendered":"Freie Selbsthilfegruppe Lauf"},"content":{"rendered":"\n<p>Wir unterst\u00fctzen bei Alkohol\u2013 und Suchtproblemen<\/p>\n\n\n\n<p>Wir sind offen f\u00fcr Betroffene, Partner, Familie und Freunde<\/p>\n\n\n\n<p>Eine Chance f\u00fcr Dich, zu lernen mit deinem (Sucht-)Thema zu leben.&nbsp;<\/p>\n\n\n\n<ul class=\"wp-block-list\">\n<li>Wir sind alle Betroffene, bzw. Angeh\u00f6rige, die genau wissen von was wir sprechen.<\/li>\n\n\n\n<li>Wir achten einander und gehen auf Augenh\u00f6he miteinander in einer respektvollen Art um.<\/li>\n\n\n\n<li>Wir nehmen uns und unsere Probleme ernst und blicken dennoch mutig nach vorne.\u00a0<\/li>\n<\/ul>\n\n\n\n<p>Komm doch zu unserem Treffen<\/p>\n\n\n\n<p>Wir treffen uns jeden Mittwoch um 19 Uhr in der Sportgastst\u00e4tte des FSV\u2013Sch\u00f6nberg, Nessenm\u00fchlstrasse 100, 91207 Lauf-Sch\u00f6nberg<\/p>\n\n\n\n<p><\/p>\n\n\n\n<p>Die Freie Selbsthilfegruppe bei Suchtproblemen wird gef\u00f6rdert durch die gesetzlichen Krankenkassen und ihre Verb\u00e4nde in Bayern.<\/p>\n\n\n\n<p><\/p>\n","protected":false},"excerpt":{"rendered":"<p>Wir unterst\u00fctzen bei Alkohol\u2013 und Suchtproblemen Wir sind offen f\u00fcr Betroffene, Partner, Familie und Freunde Eine Chance f\u00fcr Dich, zu lernen mit deinem (Sucht-)Thema zu leben.&nbsp; Komm doch zu unserem Treffen Wir treffen uns jeden Mittwoch um 19 Uhr in der Sportgastst\u00e4tte des FSV\u2013Sch\u00f6nberg, Nessenm\u00fchlstrasse 100, 91207 Lauf-Sch\u00f6nberg Die Freie Selbsthilfegruppe bei Suchtproblemen wird gef\u00f6rdert &hellip; <a href=\"https:\/\/freieselbsthilfelauf.de\/\" class=\"more-link\"><span class=\"screen-reader-text\">Freie Selbsthilfegruppe Lauf<\/span> weiterlesen<\/a><\/p>\n","protected":false},"author":1,"featured_media":0,"parent":0,"menu_order":0,"comment_status":"closed","ping_status":"closed","template":"","meta":{"footnotes":""},"class_list":["post-10","page","type-page","status-publish","hentry"],"_links":{"self":[{"href":"https:\/\/freieselbsthilfelauf.de\/index.php?rest_route=\/wp\/v2\/pages\/10","targetHints":{"allow":["GET"]}}],"collection":[{"href":"https:\/\/freieselbsthilfelauf.de\/index.php?rest_route=\/wp\/v2\/pages"}],"about":[{"href":"https:\/\/freieselbsthilfelauf.de\/index.php?rest_route=\/wp\/v2\/types\/page"}],"author":[{"embeddable":true,"href":"https:\/\/freieselbsthilfelauf.de\/index.php?rest_route=\/wp\/v2\/users\/1"}],"replies":[{"embeddable":true,"href":"https:\/\/freieselbsthilfelauf.de\/index.php?rest_route=%2Fwp%2Fv2%2Fcomments&post=10"}],"version-history":[{"count":9,"href":"https:\/\/freieselbsthilfelauf.de\/index.php?rest_route=\/wp\/v2\/pages\/10\/revisions"}],"predecessor-version":[{"id":284,"href":"https:\/\/freieselbsthilfelauf.de\/index.php?rest_route=\/wp\/v2\/pages\/10\/revisions\/284"}],"wp:attachment":[{"href":"https:\/\/freieselbsthilfelauf.de\/index.php?rest_route=%2Fwp%2Fv2%2Fmedia&parent=10"}],"curies":[{"name":"wp","href":"https:\/\/api.w.org\/{rel}","templated":true}]}}